{"id":145,"date":"2016-10-07T13:19:44","date_gmt":"2016-10-07T17:19:44","guid":{"rendered":"http:\/\/tic.cegeplimoilou.ca\/yourewelcome\/?page_id=145"},"modified":"2026-01-28T07:38:31","modified_gmt":"2026-01-28T12:38:31","slug":"credits","status":"publish","type":"page","link":"https:\/\/www.pedagogielimoilou.ca\/yw\/credits\/","title":{"rendered":"Credits"},"content":{"rendered":"<p><em>You\u2019re Welcome<\/em> is developed by <a href=\"https:\/\/www.cegeplimoilou.ca\/\" target=\"_blank\" rel=\"noopener noreferrer\">C\u00e9gep Limoilou<\/a> and funded by the <a href=\"http:\/\/www.education.gouv.qc.ca\/\" target=\"_blank\" rel=\"noopener noreferrer\">Minist\u00e8re de l&#8217;\u00c9ducation et de l&#8217;Enseignement sup\u00e9rieur du Qu\u00e9bec<\/a> (<a href=\"http:\/\/www.education.gouv.qc.ca\/le-ministere\/programmes-de-soutien-financier\/entente-canada-quebec-relative-a-lenseignement-dans-la-langue-de-la-minorite-et-a-lenseignement-des-langues-secondes\/\" target=\"_blank\" rel=\"noopener noreferrer\">Entente Canada-Qu\u00e9bec<\/a>)<\/p>\n<div style=\"width: 100%; text-align: center;\">\n<div style=\"width: 50%; text-align: center; float: left;\"><a href=\"https:\/\/www.cegeplimoilou.ca\/\" target=\"_blank\" rel=\"noopener noreferrer\"><img loading=\"lazy\" decoding=\"async\" class=\"alignnone wp-image-353\" src=\"https:\/\/www.pedagogielimoilou.ca\/yw\/wp-content\/uploads\/2016\/12\/logo_cegep-300x177.png\" width=\"211\" height=\"124\" \/><\/a><\/div>\n<div style=\"width: 50%; text-align: center; float: right;\"><a href=\"http:\/\/www.education.gouv.qc.ca\/\" target=\"_blank\" rel=\"noopener noreferrer\"><img loading=\"lazy\" decoding=\"async\" class=\"size-full wp-image-371 alignnone\" src=\"https:\/\/www.pedagogielimoilou.ca\/yw\/wp-content\/uploads\/2016\/10\/logo_MEES.gif\" alt=\"\" width=\"211\" height=\"92\" \/><\/a><\/div>\n<\/div>\n<h2 style=\"clear: both; text-align: center;\">The team<\/h2>\n<div style=\"width: 100%; text-align: center;\">\n<div style=\"width: 50%; text-align: center; float: left;\">\n<h3>Content Expert<\/h3>\n<p>Andy Van Drom<\/p>\n<h3>Multimedia Technician<\/h3>\n<p>Mathieu Brisson<\/p>\n<h3>It Technician<\/h3>\n<p>Richard Blondeau<\/p>\n<h3>AV Technician<\/h3>\n<p>\u00c9ric Gagn\u00e9<\/p>\n<h3>Sound Technician<\/h3>\n<p>Francis B\u00e9langer-Desbiens<\/p>\n<h3>Pedagogical Counsellors<\/h3>\n<p>St\u00e9phanie B\u00e9gin<br \/>\nCatherine Talbot<\/p>\n<h3>Vice Dean of didactic resources and pedagogical development<\/h3>\n<p>Sylvain Leclerc<\/p>\n<\/div>\n<div style=\"width: 50%; text-align: center; float: right;\">\n<h3>Voice Actors<\/h3>\n<p>Francis B\u00e9langer-Desbiens<br \/>\nPenny Lee Biggin<br \/>\nNicole des Rochers<br \/>\nPaola Di Muzio<br \/>\nJennifer Egan<br \/>\nMonica Madden<br \/>\nViviane Mahy<br \/>\nDonna McEwen<br \/>\nJohanne Morin<br \/>\nTracey Neil<br \/>\nSimon Paradis<br \/>\nChristine Penner<br \/>\nAmy Pittendreich<br \/>\nMarc Sexton<br \/>\nAndy Van Drom<\/p>\n<\/div>\n<div style=\"width: 50%; text-align: center; float: right;\">\n<h3>Proofreader<\/h3>\n<p>Nathalie Roy<\/p>\n<\/div>\n<\/div>\n<h2 style=\"clear: both; text-align: center;\">images<\/h2>\n<div style=\"width: 100%; text-align: center;\">\n<div class=\"desc_image\">\n<table>\n<tbody>\n<tr>\n<td class=\"image_cell\"><img loading=\"lazy\" decoding=\"async\" class=\"alignnone wp-image-93\" src=\"http:\/\/tic.cegeplimoilou.ca\/yourewelcome\/wp-content\/uploads\/2016\/09\/its_my_job-150x150.png\" alt=\"its_my_job\" width=\"50\" height=\"50\" srcset=\"https:\/\/www.pedagogielimoilou.ca\/yw\/wp-content\/uploads\/2016\/09\/its_my_job-150x150.png 150w, https:\/\/www.pedagogielimoilou.ca\/yw\/wp-content\/uploads\/2016\/09\/its_my_job-300x300.png 300w, https:\/\/www.pedagogielimoilou.ca\/yw\/wp-content\/uploads\/2016\/09\/its_my_job.png 613w\" sizes=\"auto, (max-width: 50px) 100vw, 50px\" \/><\/td>\n<td>&#8220;find a job&#8221; by Nicolas Vicent from <a href=\"https:\/\/thenounproject.com\/\" target=\"_blank\" rel=\"noopener noreferrer\">Noun Project<\/a><\/td>\n<\/tr>\n<\/tbody>\n<\/table>\n<\/div>\n<div class=\"desc_image\">\n<table>\n<tbody>\n<tr>\n<td class=\"image_cell\"><img loading=\"lazy\" decoding=\"async\" class=\"alignnone wp-image-94\" src=\"http:\/\/tic.cegeplimoilou.ca\/yourewelcome\/wp-content\/uploads\/2016\/09\/numbers-150x150.png\" alt=\"numbers\" width=\"50\" height=\"50\" srcset=\"https:\/\/www.pedagogielimoilou.ca\/yw\/wp-content\/uploads\/2016\/09\/numbers-150x150.png 150w, https:\/\/www.pedagogielimoilou.ca\/yw\/wp-content\/uploads\/2016\/09\/numbers-300x300.png 300w, https:\/\/www.pedagogielimoilou.ca\/yw\/wp-content\/uploads\/2016\/09\/numbers.png 613w\" sizes=\"auto, (max-width: 50px) 100vw, 50px\" \/><\/td>\n<td>&#8220;Sharp Sign&#8221; by Rflor from <a href=\"https:\/\/thenounproject.com\/\" target=\"_blank\" rel=\"noopener noreferrer\">Noun Project<\/a><\/td>\n<\/tr>\n<\/tbody>\n<\/table>\n<\/div>\n<div class=\"desc_image\">\n<table>\n<tbody>\n<tr>\n<td class=\"image_cell\"><img loading=\"lazy\" decoding=\"async\" class=\"alignnone wp-image-95\" src=\"http:\/\/tic.cegeplimoilou.ca\/yourewelcome\/wp-content\/uploads\/2016\/09\/scheduling-150x150.png\" alt=\"scheduling\" width=\"50\" height=\"50\" srcset=\"https:\/\/www.pedagogielimoilou.ca\/yw\/wp-content\/uploads\/2016\/09\/scheduling-150x150.png 150w, https:\/\/www.pedagogielimoilou.ca\/yw\/wp-content\/uploads\/2016\/09\/scheduling-300x300.png 300w, https:\/\/www.pedagogielimoilou.ca\/yw\/wp-content\/uploads\/2016\/09\/scheduling.png 613w\" sizes=\"auto, (max-width: 50px) 100vw, 50px\" \/><\/td>\n<td>&#8220;Calendar&#8221; by Denis Sazhin from <a href=\"https:\/\/thenounproject.com\/\" target=\"_blank\" rel=\"noopener noreferrer\">Noun Project<\/a><\/td>\n<\/tr>\n<\/tbody>\n<\/table>\n<\/div>\n<div class=\"desc_image\">\n<table>\n<tbody>\n<tr>\n<td class=\"image_cell\"><img loading=\"lazy\" decoding=\"async\" class=\"alignnone wp-image-96\" src=\"http:\/\/tic.cegeplimoilou.ca\/yourewelcome\/wp-content\/uploads\/2016\/09\/welcome-150x150.png\" alt=\"welcome\" width=\"50\" height=\"50\" srcset=\"https:\/\/www.pedagogielimoilou.ca\/yw\/wp-content\/uploads\/2016\/09\/welcome-150x150.png 150w, https:\/\/www.pedagogielimoilou.ca\/yw\/wp-content\/uploads\/2016\/09\/welcome-300x300.png 300w, https:\/\/www.pedagogielimoilou.ca\/yw\/wp-content\/uploads\/2016\/09\/welcome.png 613w\" sizes=\"auto, (max-width: 50px) 100vw, 50px\" \/><\/td>\n<td>&#8220;Handshake&#8221; by Harsha Rai from <a href=\"https:\/\/thenounproject.com\/\" target=\"_blank\" rel=\"noopener noreferrer\">Noun Project<\/a><\/td>\n<\/tr>\n<\/tbody>\n<\/table>\n<\/div>\n<div class=\"desc_image\">\n<table>\n<tbody>\n<tr>\n<td class=\"image_cell\"><img loading=\"lazy\" decoding=\"async\" class=\"alignnone wp-image-98\" src=\"http:\/\/tic.cegeplimoilou.ca\/yourewelcome\/wp-content\/uploads\/2016\/09\/how_may_i_help_you-150x150.png\" alt=\"how_may_i_help_you\" width=\"50\" height=\"50\" srcset=\"https:\/\/www.pedagogielimoilou.ca\/yw\/wp-content\/uploads\/2016\/09\/how_may_i_help_you-150x150.png 150w, https:\/\/www.pedagogielimoilou.ca\/yw\/wp-content\/uploads\/2016\/09\/how_may_i_help_you-300x300.png 300w, https:\/\/www.pedagogielimoilou.ca\/yw\/wp-content\/uploads\/2016\/09\/how_may_i_help_you.png 613w\" sizes=\"auto, (max-width: 50px) 100vw, 50px\" \/><\/td>\n<td>&#8220;Info&#8221; by J\u00fcrgen Bauer from <a href=\"https:\/\/thenounproject.com\/\" target=\"_blank\" rel=\"noopener noreferrer\">Noun Project<\/a><\/td>\n<\/tr>\n<\/tbody>\n<\/table>\n<\/div>\n<div class=\"desc_image\">\n<table>\n<tbody>\n<tr>\n<td class=\"image_cell\"><img loading=\"lazy\" decoding=\"async\" class=\"alignnone wp-image-99\" src=\"http:\/\/tic.cegeplimoilou.ca\/yourewelcome\/wp-content\/uploads\/2016\/09\/the_client_is_always_right-150x150.png\" alt=\"the_client_is_always_right\" width=\"50\" height=\"50\" srcset=\"https:\/\/www.pedagogielimoilou.ca\/yw\/wp-content\/uploads\/2016\/09\/the_client_is_always_right-150x150.png 150w, https:\/\/www.pedagogielimoilou.ca\/yw\/wp-content\/uploads\/2016\/09\/the_client_is_always_right-300x300.png 300w, https:\/\/www.pedagogielimoilou.ca\/yw\/wp-content\/uploads\/2016\/09\/the_client_is_always_right.png 613w\" sizes=\"auto, (max-width: 50px) 100vw, 50px\" \/><\/td>\n<td>&#8220;client&#8221; by Alex Kwa from <a href=\"https:\/\/thenounproject.com\/\" target=\"_blank\" rel=\"noopener noreferrer\">Noun Project<\/a><\/td>\n<\/tr>\n<\/tbody>\n<\/table>\n<\/div>\n<div class=\"desc_image\">\n<table>\n<tbody>\n<tr>\n<td class=\"image_cell\"><img loading=\"lazy\" decoding=\"async\" class=\"alignnone wp-image-101\" src=\"http:\/\/tic.cegeplimoilou.ca\/yourewelcome\/wp-content\/uploads\/2016\/09\/working_as_a_team-150x150.png\" alt=\"working_as_a_team\" width=\"50\" height=\"50\" srcset=\"https:\/\/www.pedagogielimoilou.ca\/yw\/wp-content\/uploads\/2016\/09\/working_as_a_team-150x150.png 150w, https:\/\/www.pedagogielimoilou.ca\/yw\/wp-content\/uploads\/2016\/09\/working_as_a_team-300x300.png 300w, https:\/\/www.pedagogielimoilou.ca\/yw\/wp-content\/uploads\/2016\/09\/working_as_a_team.png 613w\" sizes=\"auto, (max-width: 50px) 100vw, 50px\" \/><\/td>\n<td>&#8220;Gears&#8221; by Hubert Orlik\u2013Grzesik from <a href=\"https:\/\/thenounproject.com\/\" target=\"_blank\" rel=\"noopener noreferrer\">Noun Project<\/a><\/td>\n<\/tr>\n<\/tbody>\n<\/table>\n<\/div>\n<div class=\"desc_image\">\n<table>\n<tbody>\n<tr>\n<td class=\"image_cell\"><img loading=\"lazy\" decoding=\"async\" class=\"alignnone wp-image-104\" src=\"http:\/\/tic.cegeplimoilou.ca\/yourewelcome\/wp-content\/uploads\/2016\/09\/communicating_by_email_or_letter-150x150.png\" alt=\"communicating_by_email_or_letter\" width=\"50\" height=\"50\" srcset=\"https:\/\/www.pedagogielimoilou.ca\/yw\/wp-content\/uploads\/2016\/09\/communicating_by_email_or_letter-150x150.png 150w, https:\/\/www.pedagogielimoilou.ca\/yw\/wp-content\/uploads\/2016\/09\/communicating_by_email_or_letter-300x300.png 300w, https:\/\/www.pedagogielimoilou.ca\/yw\/wp-content\/uploads\/2016\/09\/communicating_by_email_or_letter.png 613w\" sizes=\"auto, (max-width: 50px) 100vw, 50px\" \/><\/td>\n<td>&#8220;Mail&#8221; by Aya Sofya from <a href=\"https:\/\/thenounproject.com\/\" target=\"_blank\" rel=\"noopener noreferrer\">Noun Project<\/a><\/td>\n<\/tr>\n<\/tbody>\n<\/table>\n<\/div>\n<div class=\"desc_image\">\n<table>\n<tbody>\n<tr>\n<td class=\"image_cell\"><img loading=\"lazy\" decoding=\"async\" class=\"alignnone wp-image-106\" src=\"http:\/\/tic.cegeplimoilou.ca\/yourewelcome\/wp-content\/uploads\/2016\/09\/giving_direction-150x150.png\" alt=\"giving_direction\" width=\"50\" height=\"50\" srcset=\"https:\/\/www.pedagogielimoilou.ca\/yw\/wp-content\/uploads\/2016\/09\/giving_direction-150x150.png 150w, https:\/\/www.pedagogielimoilou.ca\/yw\/wp-content\/uploads\/2016\/09\/giving_direction-300x300.png 300w, https:\/\/www.pedagogielimoilou.ca\/yw\/wp-content\/uploads\/2016\/09\/giving_direction.png 613w\" sizes=\"auto, (max-width: 50px) 100vw, 50px\" \/><\/td>\n<td>&#8220;manager&#8221; by Gan Khoon Lay from <a href=\"https:\/\/thenounproject.com\/\" target=\"_blank\" rel=\"noopener noreferrer\">Noun Project<\/a><\/td>\n<\/tr>\n<\/tbody>\n<\/table>\n<\/div>\n<div class=\"desc_image\">\n<table>\n<tbody>\n<tr>\n<td class=\"image_cell\"><img loading=\"lazy\" decoding=\"async\" class=\"alignnone wp-image-107\" src=\"http:\/\/tic.cegeplimoilou.ca\/yourewelcome\/wp-content\/uploads\/2016\/09\/making_recommendations-150x150.png\" alt=\"making_recommendations\" width=\"50\" height=\"50\" srcset=\"https:\/\/www.pedagogielimoilou.ca\/yw\/wp-content\/uploads\/2016\/09\/making_recommendations-150x150.png 150w, https:\/\/www.pedagogielimoilou.ca\/yw\/wp-content\/uploads\/2016\/09\/making_recommendations-300x300.png 300w, https:\/\/www.pedagogielimoilou.ca\/yw\/wp-content\/uploads\/2016\/09\/making_recommendations.png 613w\" sizes=\"auto, (max-width: 50px) 100vw, 50px\" \/><\/td>\n<td>&#8220;seal of approval&#8221; by Rflor from <a href=\"https:\/\/thenounproject.com\/\" target=\"_blank\" rel=\"noopener noreferrer\">Noun Project<\/a><\/td>\n<\/tr>\n<\/tbody>\n<\/table>\n<\/div>\n<div class=\"desc_image\">\n<table>\n<tbody>\n<tr>\n<td class=\"image_cell\"><img loading=\"lazy\" decoding=\"async\" class=\"alignnone wp-image-109\" src=\"http:\/\/tic.cegeplimoilou.ca\/yourewelcome\/wp-content\/uploads\/2016\/09\/explaining_processes-150x150.png\" alt=\"explaining_processes\" width=\"50\" height=\"50\" srcset=\"https:\/\/www.pedagogielimoilou.ca\/yw\/wp-content\/uploads\/2016\/09\/explaining_processes-150x150.png 150w, https:\/\/www.pedagogielimoilou.ca\/yw\/wp-content\/uploads\/2016\/09\/explaining_processes-300x300.png 300w, https:\/\/www.pedagogielimoilou.ca\/yw\/wp-content\/uploads\/2016\/09\/explaining_processes.png 613w\" sizes=\"auto, (max-width: 50px) 100vw, 50px\" \/><\/td>\n<td>&#8220;support&#8221; by Gregor \u010cre\u0161nar from <a href=\"https:\/\/thenounproject.com\/\" target=\"_blank\" rel=\"noopener noreferrer\">Noun Project<\/a><\/td>\n<\/tr>\n<\/tbody>\n<\/table>\n<\/div>\n<div class=\"desc_image\">\n<table>\n<tbody>\n<tr>\n<td class=\"image_cell\"><img loading=\"lazy\" decoding=\"async\" class=\"alignnone wp-image-149\" src=\"http:\/\/tic.cegeplimoilou.ca\/yourewelcome\/wp-content\/uploads\/2016\/09\/summarizing_information_and_describing_places_v2-150x150.png\" alt=\"summarizing_information_and_describing_places_v2\" width=\"50\" height=\"50\" srcset=\"https:\/\/www.pedagogielimoilou.ca\/yw\/wp-content\/uploads\/2016\/09\/summarizing_information_and_describing_places_v2-150x150.png 150w, https:\/\/www.pedagogielimoilou.ca\/yw\/wp-content\/uploads\/2016\/09\/summarizing_information_and_describing_places_v2-300x300.png 300w, https:\/\/www.pedagogielimoilou.ca\/yw\/wp-content\/uploads\/2016\/09\/summarizing_information_and_describing_places_v2.png 613w\" sizes=\"auto, (max-width: 50px) 100vw, 50px\" \/><\/td>\n<td>&#8220;web information&#8221; by Pravin Unagar from <a href=\"https:\/\/thenounproject.com\/\" target=\"_blank\" rel=\"noopener noreferrer\">Noun Project<\/a><\/td>\n<\/tr>\n<\/tbody>\n<\/table>\n<\/div>\n<div class=\"desc_image\">\n<table>\n<tbody>\n<tr>\n<td class=\"image_cell\"><img loading=\"lazy\" decoding=\"async\" class=\"alignnone wp-image-143\" src=\"http:\/\/tic.cegeplimoilou.ca\/yourewelcome\/wp-content\/uploads\/2016\/09\/making_the_sale-150x150.png\" alt=\"making_the_sale\" width=\"50\" height=\"50\" srcset=\"https:\/\/www.pedagogielimoilou.ca\/yw\/wp-content\/uploads\/2016\/09\/making_the_sale-150x150.png 150w, https:\/\/www.pedagogielimoilou.ca\/yw\/wp-content\/uploads\/2016\/09\/making_the_sale-300x300.png 300w, https:\/\/www.pedagogielimoilou.ca\/yw\/wp-content\/uploads\/2016\/09\/making_the_sale.png 613w\" sizes=\"auto, (max-width: 50px) 100vw, 50px\" \/><\/td>\n<td>&#8220;sales&#8221; by Roy Milton from <a href=\"https:\/\/thenounproject.com\/\" target=\"_blank\" rel=\"noopener noreferrer\">Noun Project<\/a><\/td>\n<\/tr>\n<\/tbody>\n<\/table>\n<\/div>\n<div class=\"desc_image\">\n<table>\n<tbody>\n<tr>\n<td class=\"image_cell\"><img loading=\"lazy\" decoding=\"async\" class=\"alignnone wp-image-144\" src=\"http:\/\/tic.cegeplimoilou.ca\/yourewelcome\/wp-content\/uploads\/2016\/09\/professional_presentations-150x150.png\" alt=\"professional_presentations\" width=\"50\" height=\"50\" srcset=\"https:\/\/www.pedagogielimoilou.ca\/yw\/wp-content\/uploads\/2016\/09\/professional_presentations-150x150.png 150w, https:\/\/www.pedagogielimoilou.ca\/yw\/wp-content\/uploads\/2016\/09\/professional_presentations-300x300.png 300w, https:\/\/www.pedagogielimoilou.ca\/yw\/wp-content\/uploads\/2016\/09\/professional_presentations.png 613w\" sizes=\"auto, (max-width: 50px) 100vw, 50px\" \/><\/td>\n<td>&#8220;analyst&#8221; by Gan Khoon from <a href=\"https:\/\/thenounproject.com\/\" target=\"_blank\" rel=\"noopener noreferrer\">Noun Project<\/a><\/td>\n<\/tr>\n<\/tbody>\n<\/table>\n<\/div>\n<\/div>\n","protected":false},"excerpt":{"rendered":"<p>You\u2019re Welcome is developed by C\u00e9gep Limoilou and funded by the Minist\u00e8re de l&#8217;\u00c9ducation et de l&#8217;Enseignement sup\u00e9rieur du Qu\u00e9bec (Entente Canada-Qu\u00e9bec) The team Content Expert Andy Van Drom Multimedia Technician Mathieu Brisson It Technician Richard Blondeau AV Technician \u00c9ric Gagn\u00e9 Sound Technician Francis B\u00e9langer-Desbiens Pedagogical Counsellors St\u00e9phanie B\u00e9gin Catherine Talbot Vice Dean of didactic [&hellip;]<\/p>\n","protected":false},"author":1,"featured_media":0,"parent":0,"menu_order":0,"comment_status":"closed","ping_status":"closed","template":"","meta":{"footnotes":""},"class_list":["post-145","page","type-page","status-publish","hentry"],"_links":{"self":[{"href":"https:\/\/www.pedagogielimoilou.ca\/yw\/wp-json\/wp\/v2\/pages\/145","targetHints":{"allow":["GET"]}}],"collection":[{"href":"https:\/\/www.pedagogielimoilou.ca\/yw\/wp-json\/wp\/v2\/pages"}],"about":[{"href":"https:\/\/www.pedagogielimoilou.ca\/yw\/wp-json\/wp\/v2\/types\/page"}],"author":[{"embeddable":true,"href":"https:\/\/www.pedagogielimoilou.ca\/yw\/wp-json\/wp\/v2\/users\/1"}],"replies":[{"embeddable":true,"href":"https:\/\/www.pedagogielimoilou.ca\/yw\/wp-json\/wp\/v2\/comments?post=145"}],"version-history":[{"count":20,"href":"https:\/\/www.pedagogielimoilou.ca\/yw\/wp-json\/wp\/v2\/pages\/145\/revisions"}],"predecessor-version":[{"id":542,"href":"https:\/\/www.pedagogielimoilou.ca\/yw\/wp-json\/wp\/v2\/pages\/145\/revisions\/542"}],"wp:attachment":[{"href":"https:\/\/www.pedagogielimoilou.ca\/yw\/wp-json\/wp\/v2\/media?parent=145"}],"curies":[{"name":"wp","href":"https:\/\/api.w.org\/{rel}","templated":true}]}}